{"id":2696,"date":"2020-12-16T12:16:45","date_gmt":"2020-12-16T11:16:45","guid":{"rendered":"https:\/\/www.t-arb-marc.org\/?page_id=2696"},"modified":"2022-04-07T19:02:14","modified_gmt":"2022-04-07T17:02:14","slug":"description-des-partenaires","status":"publish","type":"page","link":"https:\/\/www.t-arb-marc.org\/index.php\/description-des-partenaires\/","title":{"rendered":"Description des partenaires"},"content":{"rendered":"<p>[vc_section][vc_row][vc_column width=&#8221;1\/3&#8243;][vc_single_image image=&#8221;2846&#8243; img_size=&#8221;medium&#8221; alignment=&#8221;center&#8221; title=&#8221;Ordre des Avocats du Togo&#8221;][vc_separator][vc_column_text]<\/p>\n<p style=\"text-align: justify;\">L\u2019ordre des avocats d\u00e9signe de fa\u00e7on g\u00e9n\u00e9rale l\u2019ensemble des avocats inscrits aupr\u00e8s d\u2019une juridiction. Ordre national, l\u2019ordre des avocats du Togo a \u00e9t\u00e9 institu\u00e9 par l\u2019ordonnance n\u00b080-11 du 9 janvier 1980 relative \u00e0 l\u2019exercice de la profession d\u2019avocat et le d\u00e9cret n\u00b080-37 du 7 mars 1980 pris pour l\u2019application de l\u2019ordonnance n\u00b080-11. D\u2019a<\/p>\n<p style=\"text-align: justify;\">Depuis 2014 et notamment l\u2019adoption du r\u00e8glement n\u00b0005\/2014\/CM\/UEMOA relatif \u00e0 l\u2019harmonisation des r\u00e8gles r\u00e9gissant la profession d\u2019avocat dans l\u2019espace UEMOA, l\u2019ordre des avocats du Togo fonctionne dans un contexte communautaire. Ce r\u00e8glement poursuit les ambitions qui \u00e9taient d\u00e9j\u00e0 pr\u00e9sentes dans le r\u00e8glement n\u00b010\/2006\/CM\/UEMOA relatif \u00e0 la libre circulation et \u00e0 l\u2019\u00e9tablissement des avocats ressortissants de l\u2019Union au sein de l\u2019espace UEMOA.<\/p>\n<p style=\"text-align: justify;\">L\u2019ordre des avocats du Togo a ainsi en partage avec les autres Etats membres de l\u2019UEMOA un corps de r\u00e8gles communs portant notamment sur les conditions d\u2019exercice de la profession, la d\u00e9ontologie du m\u00e9tier ou encore la formation de ses membres. L\u2019ordre des avocats du Togo \u0153uvre ainsi aupr\u00e8s de ses pairs \u00e0 l\u2019\u00e9mergence d\u2019une grande profession du droit au plan r\u00e9gional.<\/p>\n<p>[\/vc_column_text][\/vc_column][vc_column width=&#8221;1\/3&#8243;][vc_single_image image=&#8221;2708&#8243; img_size=&#8221;full&#8221; alignment=&#8221;center&#8221; onclick=&#8221;zoom&#8221; css_animation=&#8221;fadeIn&#8221; title=&#8221;Le Tribunal de Commerce de Lom\u00e9&#8221;][vc_separator][vc_column_text]<\/p>\n<p style=\"text-align: justify;\">Le Tribunal de commerce de Lom\u00e9 a \u00e9t\u00e9 institu\u00e9 par la Loi N\u00b0 2018-028 du 10 d\u00e9cembre 2018 instituant les juridictions commerciales en R\u00e9publique togolaise. Cette Loi a \u00e9t\u00e9 modifi\u00e9e le 7 janvier 2020.<br \/>\nLe Tribunal de commerce de Lom\u00e9, rendu op\u00e9rationnel le 1er juillet 2019 a incorpor\u00e9 en son sein les dossiers des chambres commerciales du Tribunal de premi\u00e8re instance de premi\u00e8re classe de Lom\u00e9. La proc\u00e9dure au Tribunal de commerce de Lom\u00e9 est aujourd\u2019hui informatis\u00e9e et les justiciables peuvent : enr\u00f4ler \u00e9lectroniquement leurs assignations en produisant concomitamment les pi\u00e8ces y aff\u00e9rentes, soumettre des requ\u00eates au Tribunal, payer tous les<br \/>\nfrais en ligne ou consulter les d\u00e9cisions en ligne, etc. Le site web du Tribunal de commerce de Lom\u00e9 : http:\/\/tribunaldecommercedelome.tg\/[\/vc_column_text][\/vc_column][vc_column width=&#8221;1\/3&#8243;][vc_single_image image=&#8221;2710&#8243; img_size=&#8221;full&#8221; alignment=&#8221;center&#8221; title=&#8221;SCPA AQUEREBURU &#038; Partners&#8221;][vc_separator][vc_column_text]<\/p>\n<p style=\"text-align: justify;\">AQUEREBURU &amp; PARTNERS, est une soci\u00e9t\u00e9 d\u2019Avocats, Juridique et fiscale sise au 777, Avenue Kleber DADJO.<br \/>\nAQUEREBURU &amp; PARTNERS est issue du Cabinet de Ma\u00eetre AQUEREBURU Coffi Alexis, cr\u00e9\u00e9 depuis 1985.<br \/>\nElle met son savoir-faire notamment en mati\u00e8re fiscale et en droit des affaires \u00e0 la disposition de ses clients au TOGO en Afrique et dans le Monde en s\u2019appuyant si n\u00e9cessaire sur un r\u00e9seau de correspondants et de consultants confirm\u00e9s. La soci\u00e9t\u00e9 s\u2019est engag\u00e9e depuis le 12 ao\u00fbt 2005 dans la d\u00e9marche de certification ISO. Le site web de la soci\u00e9t\u00e9 AQUEREBURU &amp; PARTNERS: www.aquereburu-partners.com<\/p>\n<p>[\/vc_column_text][\/vc_column][\/vc_row][\/vc_section][vc_section][vc_row][vc_column width=&#8221;1\/3&#8243;][vc_single_image image=&#8221;2709&#8243; img_size=&#8221;full&#8221; alignment=&#8221;center&#8221; onclick=&#8221;zoom&#8221; css_animation=&#8221;fadeIn&#8221; title=&#8221;SCPA MARTIAL AKAKPO &#038; ASSOCIES&#8221;][vc_separator][vc_column_text]<\/p>\n<p style=\"text-align: justify;\">MARTIAL AKAKPO &amp; ASSOCIES est une soci\u00e9t\u00e9 d\u2019Avocats situ\u00e9e dans le quartier des \u00c9toiles, 27 rue KHRA (ex-rue Mar\u00e9chal Bugeaud).<br \/>\nMARTIAL AKAKPO &amp; ASSOCIES est issue du cabinet de Ma\u00eetre Charles AKAKPO cr\u00e9\u00e9 depuis 1985.<br \/>\nLa soci\u00e9t\u00e9 est sp\u00e9cialis\u00e9e dans les questions de droit des affaires et de l\u2019entreprise avec un<br \/>\naccompagnement de la client\u00e8le sur les nouveaux march\u00e9s de l\u2019OHADA. Elle est certifi\u00e9e 9001 Version 2008.Le site web de la soci\u00e9t\u00e9 MARTIAL AKAKPO &amp; ASSOCIES: www.scpmakakpo.com<\/p>\n<p>[\/vc_column_text][\/vc_column][vc_column width=&#8221;1\/3&#8243;][vc_single_image image=&#8221;2848&#8243; img_size=&#8221;medium&#8221; alignment=&#8221;center&#8221; onclick=&#8221;zoom&#8221; css_animation=&#8221;fadeIn&#8221; title=&#8221;CIGHO&#8221;][vc_separator][vc_column_text]<\/p>\n<p style=\"text-align: justify;\">Le Comit\u00e9 International G\u00e9nies en Herbe OHADA (CIGHO) est une entit\u00e9 \u00e0 but non lucratif, dont le si\u00e8ge social est situ\u00e9 \u00e0 Abidjan en C\u00f4te d\u2019Ivoire. Il est repr\u00e9sent\u00e9 dans les pays membres de l\u2019OHADA \u00e0 travers des Coordinations nationales.<\/p>\n<p style=\"text-align: justify;\">Le CIGHO, dont la mission principale est la promotion et la vulgarisation du Droit des Affaires, est l\u2019organisateur du Concours International \u00ab\u00a0G\u00e9nies en Herbe\u00a0OHADA\u00a0\u00bb (GHO) qui lui vaut d\u2019ailleurs son nom. En marge du Concours GHO qui est devenu en 12 ans le plus grand rendez universitaire annuel africain en mati\u00e8re du droit des affaires, le Comit\u00e9 International organise \u00e9galement depuis 2018 un Colloque International qui r\u00e9unit des universitaires et praticiens du Droit des affaires en particulier autour de th\u00e9matiques d\u2019actualit\u00e9 et touchant aux MARD, notamment l\u2019Arbitrage et la M\u00e9diation. A travers ses activit\u00e9s, le CIGHO entend servir de creuset entre le monde universitaire et le monde professionnel.<\/p>\n<p style=\"text-align: justify;\">Le CIGHO travaille aujourd\u2019hui activement \u00e0 la mise en place d\u2019un Institut de Formation et de Recherche sous r\u00e9gional. Son but ultime est de \u00ab\u00a0<em>d\u00e9nicher des talents africains pour en faire des g\u00e9nies<\/em>\u00a0\u00bb.<\/p>\n<p style=\"text-align: justify;\">Pour en savoir plus\u00a0: <a href=\"http:\/\/www.concoursgho.org\">www.concoursgho.org<\/a><\/p>\n<p>[\/vc_column_text][\/vc_column][\/vc_row][vc_row][vc_column][vc_separator][\/vc_column][\/vc_row][\/vc_section]<\/p>\n","protected":false},"excerpt":{"rendered":"<p>[vc_section][vc_row][vc_column width=&#8221;1\/3&#8243;][vc_single_image image=&#8221;2846&#8243; img_size=&#8221;medium&#8221; alignment=&#8221;center&#8221; title=&#8221;Ordre des Avocats du Togo&#8221;][vc_separator][vc_column_text] L\u2019ordre des avocats d\u00e9signe de fa\u00e7on g\u00e9n\u00e9rale l\u2019ensemble des avocats inscrits aupr\u00e8s d\u2019une juridiction. Ordre national, l\u2019ordre des avocats du Togo a \u00e9t\u00e9 institu\u00e9 par l\u2019ordonnance n\u00b080-11 du 9 janvier 1980 relative \u00e0 l\u2019exercice de la profession d\u2019avocat et le d\u00e9cret n\u00b080-37 du 7 mars&#8230;<\/p>\n","protected":false},"author":2,"featured_media":0,"parent":0,"menu_order":0,"comment_status":"closed","ping_status":"closed","template":"","meta":{"footnotes":""},"class_list":["post-2696","page","type-page","status-publish","hentry"],"yoast_head":"<!-- This site is optimized with the Yoast SEO plugin v27.4 - https:\/\/yoast.com\/product\/yoast-seo-wordpress\/ -->\n<title>Description des partenaires - T-Arb &amp; MARC<\/title>\n<meta name=\"robots\" content=\"index, follow, max-snippet:-1, max-image-preview:large, max-video-preview:-1\" \/>\n<link rel=\"canonical\" href=\"https:\/\/www.t-arb-marc.org\/index.php\/description-des-partenaires\/\" \/>\n<meta property=\"og:locale\" content=\"fr_FR\" \/>\n<meta property=\"og:type\" content=\"article\" \/>\n<meta property=\"og:title\" content=\"Description des partenaires - T-Arb &amp; MARC\" \/>\n<meta property=\"og:description\" content=\"[vc_section][vc_row][vc_column width=&#8221;1\/3&#8243;][vc_single_image image=&#8221;2846&#8243; img_size=&#8221;medium&#8221; alignment=&#8221;center&#8221; title=&#8221;Ordre des Avocats du Togo&#8221;][vc_separator][vc_column_text] L\u2019ordre des avocats d\u00e9signe de fa\u00e7on g\u00e9n\u00e9rale l\u2019ensemble des avocats inscrits aupr\u00e8s d\u2019une juridiction. Ordre national, l\u2019ordre des avocats du Togo a \u00e9t\u00e9 institu\u00e9 par l\u2019ordonnance n\u00b080-11 du 9 janvier 1980 relative \u00e0 l\u2019exercice de la profession d\u2019avocat et le d\u00e9cret n\u00b080-37 du 7 mars...\" \/>\n<meta property=\"og:url\" content=\"https:\/\/www.t-arb-marc.org\/index.php\/description-des-partenaires\/\" \/>\n<meta property=\"og:site_name\" content=\"T-Arb &amp; MARC\" \/>\n<meta property=\"article:modified_time\" content=\"2022-04-07T17:02:14+00:00\" \/>\n<meta name=\"twitter:card\" content=\"summary_large_image\" \/>\n<meta name=\"twitter:label1\" content=\"Dur\u00e9e de lecture estim\u00e9e\" \/>\n\t<meta name=\"twitter:data1\" content=\"5 minutes\" \/>\n<script type=\"application\/ld+json\" class=\"yoast-schema-graph\">{\"@context\":\"https:\\\/\\\/schema.org\",\"@graph\":[{\"@type\":\"WebPage\",\"@id\":\"https:\\\/\\\/www.t-arb-marc.org\\\/index.php\\\/description-des-partenaires\\\/\",\"url\":\"https:\\\/\\\/www.t-arb-marc.org\\\/index.php\\\/description-des-partenaires\\\/\",\"name\":\"Description des partenaires - T-Arb &amp; MARC\",\"isPartOf\":{\"@id\":\"https:\\\/\\\/www.t-arb-marc.org\\\/#website\"},\"datePublished\":\"2020-12-16T11:16:45+00:00\",\"dateModified\":\"2022-04-07T17:02:14+00:00\",\"breadcrumb\":{\"@id\":\"https:\\\/\\\/www.t-arb-marc.org\\\/index.php\\\/description-des-partenaires\\\/#breadcrumb\"},\"inLanguage\":\"fr-FR\",\"potentialAction\":[{\"@type\":\"ReadAction\",\"target\":[\"https:\\\/\\\/www.t-arb-marc.org\\\/index.php\\\/description-des-partenaires\\\/\"]}]},{\"@type\":\"BreadcrumbList\",\"@id\":\"https:\\\/\\\/www.t-arb-marc.org\\\/index.php\\\/description-des-partenaires\\\/#breadcrumb\",\"itemListElement\":[{\"@type\":\"ListItem\",\"position\":1,\"name\":\"Accueil\",\"item\":\"https:\\\/\\\/www.t-arb-marc.org\\\/\"},{\"@type\":\"ListItem\",\"position\":2,\"name\":\"Description des partenaires\"}]},{\"@type\":\"WebSite\",\"@id\":\"https:\\\/\\\/www.t-arb-marc.org\\\/#website\",\"url\":\"https:\\\/\\\/www.t-arb-marc.org\\\/\",\"name\":\"T-Arb &amp; MARC\",\"description\":\"Togo arbitrage, mediation conciliation\",\"publisher\":{\"@id\":\"https:\\\/\\\/www.t-arb-marc.org\\\/#organization\"},\"potentialAction\":[{\"@type\":\"SearchAction\",\"target\":{\"@type\":\"EntryPoint\",\"urlTemplate\":\"https:\\\/\\\/www.t-arb-marc.org\\\/?s={search_term_string}\"},\"query-input\":{\"@type\":\"PropertyValueSpecification\",\"valueRequired\":true,\"valueName\":\"search_term_string\"}}],\"inLanguage\":\"fr-FR\"},{\"@type\":\"Organization\",\"@id\":\"https:\\\/\\\/www.t-arb-marc.org\\\/#organization\",\"name\":\"T-Arb &amp; MARC\",\"url\":\"https:\\\/\\\/www.t-arb-marc.org\\\/\",\"logo\":{\"@type\":\"ImageObject\",\"inLanguage\":\"fr-FR\",\"@id\":\"https:\\\/\\\/www.t-arb-marc.org\\\/#\\\/schema\\\/logo\\\/image\\\/\",\"url\":\"https:\\\/\\\/www.t-arb-marc.org\\\/wp-content\\\/uploads\\\/2020\\\/12\\\/cropped-Asset-54-e1608197314980.png\",\"contentUrl\":\"https:\\\/\\\/www.t-arb-marc.org\\\/wp-content\\\/uploads\\\/2020\\\/12\\\/cropped-Asset-54-e1608197314980.png\",\"width\":200,\"height\":200,\"caption\":\"T-Arb &amp; MARC\"},\"image\":{\"@id\":\"https:\\\/\\\/www.t-arb-marc.org\\\/#\\\/schema\\\/logo\\\/image\\\/\"}}]}<\/script>\n<!-- \/ Yoast SEO plugin. -->","yoast_head_json":{"title":"Description des partenaires - T-Arb &amp; MARC","robots":{"index":"index","follow":"follow","max-snippet":"max-snippet:-1","max-image-preview":"max-image-preview:large","max-video-preview":"max-video-preview:-1"},"canonical":"https:\/\/www.t-arb-marc.org\/index.php\/description-des-partenaires\/","og_locale":"fr_FR","og_type":"article","og_title":"Description des partenaires - T-Arb &amp; MARC","og_description":"[vc_section][vc_row][vc_column width=&#8221;1\/3&#8243;][vc_single_image image=&#8221;2846&#8243; img_size=&#8221;medium&#8221; alignment=&#8221;center&#8221; title=&#8221;Ordre des Avocats du Togo&#8221;][vc_separator][vc_column_text] L\u2019ordre des avocats d\u00e9signe de fa\u00e7on g\u00e9n\u00e9rale l\u2019ensemble des avocats inscrits aupr\u00e8s d\u2019une juridiction. Ordre national, l\u2019ordre des avocats du Togo a \u00e9t\u00e9 institu\u00e9 par l\u2019ordonnance n\u00b080-11 du 9 janvier 1980 relative \u00e0 l\u2019exercice de la profession d\u2019avocat et le d\u00e9cret n\u00b080-37 du 7 mars...","og_url":"https:\/\/www.t-arb-marc.org\/index.php\/description-des-partenaires\/","og_site_name":"T-Arb &amp; MARC","article_modified_time":"2022-04-07T17:02:14+00:00","twitter_card":"summary_large_image","twitter_misc":{"Dur\u00e9e de lecture estim\u00e9e":"5 minutes"},"schema":{"@context":"https:\/\/schema.org","@graph":[{"@type":"WebPage","@id":"https:\/\/www.t-arb-marc.org\/index.php\/description-des-partenaires\/","url":"https:\/\/www.t-arb-marc.org\/index.php\/description-des-partenaires\/","name":"Description des partenaires - T-Arb &amp; MARC","isPartOf":{"@id":"https:\/\/www.t-arb-marc.org\/#website"},"datePublished":"2020-12-16T11:16:45+00:00","dateModified":"2022-04-07T17:02:14+00:00","breadcrumb":{"@id":"https:\/\/www.t-arb-marc.org\/index.php\/description-des-partenaires\/#breadcrumb"},"inLanguage":"fr-FR","potentialAction":[{"@type":"ReadAction","target":["https:\/\/www.t-arb-marc.org\/index.php\/description-des-partenaires\/"]}]},{"@type":"BreadcrumbList","@id":"https:\/\/www.t-arb-marc.org\/index.php\/description-des-partenaires\/#breadcrumb","itemListElement":[{"@type":"ListItem","position":1,"name":"Accueil","item":"https:\/\/www.t-arb-marc.org\/"},{"@type":"ListItem","position":2,"name":"Description des partenaires"}]},{"@type":"WebSite","@id":"https:\/\/www.t-arb-marc.org\/#website","url":"https:\/\/www.t-arb-marc.org\/","name":"T-Arb &amp; MARC","description":"Togo arbitrage, mediation conciliation","publisher":{"@id":"https:\/\/www.t-arb-marc.org\/#organization"},"potentialAction":[{"@type":"SearchAction","target":{"@type":"EntryPoint","urlTemplate":"https:\/\/www.t-arb-marc.org\/?s={search_term_string}"},"query-input":{"@type":"PropertyValueSpecification","valueRequired":true,"valueName":"search_term_string"}}],"inLanguage":"fr-FR"},{"@type":"Organization","@id":"https:\/\/www.t-arb-marc.org\/#organization","name":"T-Arb &amp; MARC","url":"https:\/\/www.t-arb-marc.org\/","logo":{"@type":"ImageObject","inLanguage":"fr-FR","@id":"https:\/\/www.t-arb-marc.org\/#\/schema\/logo\/image\/","url":"https:\/\/www.t-arb-marc.org\/wp-content\/uploads\/2020\/12\/cropped-Asset-54-e1608197314980.png","contentUrl":"https:\/\/www.t-arb-marc.org\/wp-content\/uploads\/2020\/12\/cropped-Asset-54-e1608197314980.png","width":200,"height":200,"caption":"T-Arb &amp; MARC"},"image":{"@id":"https:\/\/www.t-arb-marc.org\/#\/schema\/logo\/image\/"}}]}},"_links":{"self":[{"href":"https:\/\/www.t-arb-marc.org\/index.php\/wp-json\/wp\/v2\/pages\/2696","targetHints":{"allow":["GET"]}}],"collection":[{"href":"https:\/\/www.t-arb-marc.org\/index.php\/wp-json\/wp\/v2\/pages"}],"about":[{"href":"https:\/\/www.t-arb-marc.org\/index.php\/wp-json\/wp\/v2\/types\/page"}],"author":[{"embeddable":true,"href":"https:\/\/www.t-arb-marc.org\/index.php\/wp-json\/wp\/v2\/users\/2"}],"replies":[{"embeddable":true,"href":"https:\/\/www.t-arb-marc.org\/index.php\/wp-json\/wp\/v2\/comments?post=2696"}],"version-history":[{"count":19,"href":"https:\/\/www.t-arb-marc.org\/index.php\/wp-json\/wp\/v2\/pages\/2696\/revisions"}],"predecessor-version":[{"id":2955,"href":"https:\/\/www.t-arb-marc.org\/index.php\/wp-json\/wp\/v2\/pages\/2696\/revisions\/2955"}],"wp:attachment":[{"href":"https:\/\/www.t-arb-marc.org\/index.php\/wp-json\/wp\/v2\/media?parent=2696"}],"curies":[{"name":"wp","href":"https:\/\/api.w.org\/{rel}","templated":true}]}}