{"id":2688,"date":"2020-12-16T12:12:18","date_gmt":"2020-12-16T11:12:18","guid":{"rendered":"https:\/\/www.t-arb-marc.org\/?page_id=2688"},"modified":"2020-12-17T16:40:11","modified_gmt":"2020-12-17T15:40:11","slug":"conciliation","status":"publish","type":"page","link":"https:\/\/www.t-arb-marc.org\/index.php\/conciliation\/","title":{"rendered":"Conciliation"},"content":{"rendered":"<p>[vc_section][vc_row][vc_column]\r\n        <div class=\"rs-heading    \">\r\n        \t<div class=\"title-inner \">\r\n        \t\t       \t\t\r\n\t            \r\n\t            <h1 class=\"title \"><span class=\"watermark\">Conciliation<\/span>Conciliation<\/h1>\r\n\t            <div class=\"title-img bottom-img\"><\/div>\r\n\t        <\/div><\/div>[vc_separator][\/vc_column][\/vc_row][vc_row][vc_column][vc_column_text]<\/p>\n<p style=\"text-align: justify;\">La conciliation, comme la m\u00e9diation est un mode de r\u00e8glement des litiges par lequel les parties choisissent une ou plusieurs personnes qualifi\u00e9es pour les aider \u00e0 trouver une solution \u00e0 leur conflit.<br \/>\nLe conciliateur comme le m\u00e9diateur favorise le dialogue entre les parties mais ne propose pas comme le m\u00e9diateur une solution au litige. Il n\u2019exerce pas une mission juridictionnelle comme l\u2019arbitre et ne peut donc imposer la solution du litige aux parties. Toutefois, lorsque les parties parviennent \u00e0 une solution, elle peut \u00eatre formalis\u00e9e par un accord de conciliation que les parties seront tenues d\u2019ex\u00e9cuter..<\/p>\n<p>[\/vc_column_text][\/vc_column][\/vc_row][\/vc_section]<\/p>\n","protected":false},"excerpt":{"rendered":"<p>[vc_section][vc_row][vc_column][vc_separator][\/vc_column][\/vc_row][vc_row][vc_column][vc_column_text] La conciliation, comme la m\u00e9diation est un mode de r\u00e8glement des litiges par lequel les parties choisissent une ou plusieurs personnes qualifi\u00e9es pour les aider \u00e0 trouver une solution \u00e0 leur conflit. Le conciliateur comme le m\u00e9diateur favorise le dialogue entre les parties mais ne propose pas comme le m\u00e9diateur une solution au litige&#8230;.<\/p>\n","protected":false},"author":2,"featured_media":0,"parent":0,"menu_order":0,"comment_status":"closed","ping_status":"closed","template":"","meta":{"footnotes":""},"class_list":["post-2688","page","type-page","status-publish","hentry"],"yoast_head":"<!-- This site is optimized with the Yoast SEO plugin v27.4 - https:\/\/yoast.com\/product\/yoast-seo-wordpress\/ -->\n<title>Conciliation - T-Arb &amp; MARC<\/title>\n<meta name=\"robots\" content=\"index, follow, max-snippet:-1, max-image-preview:large, max-video-preview:-1\" \/>\n<link rel=\"canonical\" href=\"https:\/\/www.t-arb-marc.org\/index.php\/conciliation\/\" \/>\n<meta property=\"og:locale\" content=\"fr_FR\" \/>\n<meta property=\"og:type\" content=\"article\" \/>\n<meta property=\"og:title\" content=\"Conciliation - T-Arb &amp; MARC\" \/>\n<meta property=\"og:description\" content=\"[vc_section][vc_row][vc_column][vc_separator][\/vc_column][\/vc_row][vc_row][vc_column][vc_column_text] La conciliation, comme la m\u00e9diation est un mode de r\u00e8glement des litiges par lequel les parties choisissent une ou plusieurs personnes qualifi\u00e9es pour les aider \u00e0 trouver une solution \u00e0 leur conflit. Le conciliateur comme le m\u00e9diateur favorise le dialogue entre les parties mais ne propose pas comme le m\u00e9diateur une solution au litige....\" \/>\n<meta property=\"og:url\" content=\"https:\/\/www.t-arb-marc.org\/index.php\/conciliation\/\" \/>\n<meta property=\"og:site_name\" content=\"T-Arb &amp; MARC\" \/>\n<meta property=\"article:modified_time\" content=\"2020-12-17T15:40:11+00:00\" \/>\n<meta name=\"twitter:card\" content=\"summary_large_image\" \/>\n<meta name=\"twitter:label1\" content=\"Dur\u00e9e de lecture estim\u00e9e\" \/>\n\t<meta name=\"twitter:data1\" content=\"1 minute\" \/>\n<script type=\"application\/ld+json\" class=\"yoast-schema-graph\">{\"@context\":\"https:\\\/\\\/schema.org\",\"@graph\":[{\"@type\":\"WebPage\",\"@id\":\"https:\\\/\\\/www.t-arb-marc.org\\\/index.php\\\/conciliation\\\/\",\"url\":\"https:\\\/\\\/www.t-arb-marc.org\\\/index.php\\\/conciliation\\\/\",\"name\":\"Conciliation - T-Arb &amp; MARC\",\"isPartOf\":{\"@id\":\"https:\\\/\\\/www.t-arb-marc.org\\\/#website\"},\"datePublished\":\"2020-12-16T11:12:18+00:00\",\"dateModified\":\"2020-12-17T15:40:11+00:00\",\"breadcrumb\":{\"@id\":\"https:\\\/\\\/www.t-arb-marc.org\\\/index.php\\\/conciliation\\\/#breadcrumb\"},\"inLanguage\":\"fr-FR\",\"potentialAction\":[{\"@type\":\"ReadAction\",\"target\":[\"https:\\\/\\\/www.t-arb-marc.org\\\/index.php\\\/conciliation\\\/\"]}]},{\"@type\":\"BreadcrumbList\",\"@id\":\"https:\\\/\\\/www.t-arb-marc.org\\\/index.php\\\/conciliation\\\/#breadcrumb\",\"itemListElement\":[{\"@type\":\"ListItem\",\"position\":1,\"name\":\"Accueil\",\"item\":\"https:\\\/\\\/www.t-arb-marc.org\\\/\"},{\"@type\":\"ListItem\",\"position\":2,\"name\":\"Conciliation\"}]},{\"@type\":\"WebSite\",\"@id\":\"https:\\\/\\\/www.t-arb-marc.org\\\/#website\",\"url\":\"https:\\\/\\\/www.t-arb-marc.org\\\/\",\"name\":\"T-Arb &amp; MARC\",\"description\":\"Togo arbitrage, mediation conciliation\",\"publisher\":{\"@id\":\"https:\\\/\\\/www.t-arb-marc.org\\\/#organization\"},\"potentialAction\":[{\"@type\":\"SearchAction\",\"target\":{\"@type\":\"EntryPoint\",\"urlTemplate\":\"https:\\\/\\\/www.t-arb-marc.org\\\/?s={search_term_string}\"},\"query-input\":{\"@type\":\"PropertyValueSpecification\",\"valueRequired\":true,\"valueName\":\"search_term_string\"}}],\"inLanguage\":\"fr-FR\"},{\"@type\":\"Organization\",\"@id\":\"https:\\\/\\\/www.t-arb-marc.org\\\/#organization\",\"name\":\"T-Arb &amp; MARC\",\"url\":\"https:\\\/\\\/www.t-arb-marc.org\\\/\",\"logo\":{\"@type\":\"ImageObject\",\"inLanguage\":\"fr-FR\",\"@id\":\"https:\\\/\\\/www.t-arb-marc.org\\\/#\\\/schema\\\/logo\\\/image\\\/\",\"url\":\"https:\\\/\\\/www.t-arb-marc.org\\\/wp-content\\\/uploads\\\/2020\\\/12\\\/cropped-Asset-54-e1608197314980.png\",\"contentUrl\":\"https:\\\/\\\/www.t-arb-marc.org\\\/wp-content\\\/uploads\\\/2020\\\/12\\\/cropped-Asset-54-e1608197314980.png\",\"width\":200,\"height\":200,\"caption\":\"T-Arb &amp; MARC\"},\"image\":{\"@id\":\"https:\\\/\\\/www.t-arb-marc.org\\\/#\\\/schema\\\/logo\\\/image\\\/\"}}]}<\/script>\n<!-- \/ Yoast SEO plugin. -->","yoast_head_json":{"title":"Conciliation - T-Arb &amp; MARC","robots":{"index":"index","follow":"follow","max-snippet":"max-snippet:-1","max-image-preview":"max-image-preview:large","max-video-preview":"max-video-preview:-1"},"canonical":"https:\/\/www.t-arb-marc.org\/index.php\/conciliation\/","og_locale":"fr_FR","og_type":"article","og_title":"Conciliation - T-Arb &amp; MARC","og_description":"[vc_section][vc_row][vc_column][vc_separator][\/vc_column][\/vc_row][vc_row][vc_column][vc_column_text] La conciliation, comme la m\u00e9diation est un mode de r\u00e8glement des litiges par lequel les parties choisissent une ou plusieurs personnes qualifi\u00e9es pour les aider \u00e0 trouver une solution \u00e0 leur conflit. Le conciliateur comme le m\u00e9diateur favorise le dialogue entre les parties mais ne propose pas comme le m\u00e9diateur une solution au litige....","og_url":"https:\/\/www.t-arb-marc.org\/index.php\/conciliation\/","og_site_name":"T-Arb &amp; MARC","article_modified_time":"2020-12-17T15:40:11+00:00","twitter_card":"summary_large_image","twitter_misc":{"Dur\u00e9e de lecture estim\u00e9e":"1 minute"},"schema":{"@context":"https:\/\/schema.org","@graph":[{"@type":"WebPage","@id":"https:\/\/www.t-arb-marc.org\/index.php\/conciliation\/","url":"https:\/\/www.t-arb-marc.org\/index.php\/conciliation\/","name":"Conciliation - T-Arb &amp; MARC","isPartOf":{"@id":"https:\/\/www.t-arb-marc.org\/#website"},"datePublished":"2020-12-16T11:12:18+00:00","dateModified":"2020-12-17T15:40:11+00:00","breadcrumb":{"@id":"https:\/\/www.t-arb-marc.org\/index.php\/conciliation\/#breadcrumb"},"inLanguage":"fr-FR","potentialAction":[{"@type":"ReadAction","target":["https:\/\/www.t-arb-marc.org\/index.php\/conciliation\/"]}]},{"@type":"BreadcrumbList","@id":"https:\/\/www.t-arb-marc.org\/index.php\/conciliation\/#breadcrumb","itemListElement":[{"@type":"ListItem","position":1,"name":"Accueil","item":"https:\/\/www.t-arb-marc.org\/"},{"@type":"ListItem","position":2,"name":"Conciliation"}]},{"@type":"WebSite","@id":"https:\/\/www.t-arb-marc.org\/#website","url":"https:\/\/www.t-arb-marc.org\/","name":"T-Arb &amp; MARC","description":"Togo arbitrage, mediation conciliation","publisher":{"@id":"https:\/\/www.t-arb-marc.org\/#organization"},"potentialAction":[{"@type":"SearchAction","target":{"@type":"EntryPoint","urlTemplate":"https:\/\/www.t-arb-marc.org\/?s={search_term_string}"},"query-input":{"@type":"PropertyValueSpecification","valueRequired":true,"valueName":"search_term_string"}}],"inLanguage":"fr-FR"},{"@type":"Organization","@id":"https:\/\/www.t-arb-marc.org\/#organization","name":"T-Arb &amp; MARC","url":"https:\/\/www.t-arb-marc.org\/","logo":{"@type":"ImageObject","inLanguage":"fr-FR","@id":"https:\/\/www.t-arb-marc.org\/#\/schema\/logo\/image\/","url":"https:\/\/www.t-arb-marc.org\/wp-content\/uploads\/2020\/12\/cropped-Asset-54-e1608197314980.png","contentUrl":"https:\/\/www.t-arb-marc.org\/wp-content\/uploads\/2020\/12\/cropped-Asset-54-e1608197314980.png","width":200,"height":200,"caption":"T-Arb &amp; MARC"},"image":{"@id":"https:\/\/www.t-arb-marc.org\/#\/schema\/logo\/image\/"}}]}},"_links":{"self":[{"href":"https:\/\/www.t-arb-marc.org\/index.php\/wp-json\/wp\/v2\/pages\/2688","targetHints":{"allow":["GET"]}}],"collection":[{"href":"https:\/\/www.t-arb-marc.org\/index.php\/wp-json\/wp\/v2\/pages"}],"about":[{"href":"https:\/\/www.t-arb-marc.org\/index.php\/wp-json\/wp\/v2\/types\/page"}],"author":[{"embeddable":true,"href":"https:\/\/www.t-arb-marc.org\/index.php\/wp-json\/wp\/v2\/users\/2"}],"replies":[{"embeddable":true,"href":"https:\/\/www.t-arb-marc.org\/index.php\/wp-json\/wp\/v2\/comments?post=2688"}],"version-history":[{"count":3,"href":"https:\/\/www.t-arb-marc.org\/index.php\/wp-json\/wp\/v2\/pages\/2688\/revisions"}],"predecessor-version":[{"id":2836,"href":"https:\/\/www.t-arb-marc.org\/index.php\/wp-json\/wp\/v2\/pages\/2688\/revisions\/2836"}],"wp:attachment":[{"href":"https:\/\/www.t-arb-marc.org\/index.php\/wp-json\/wp\/v2\/media?parent=2688"}],"curies":[{"name":"wp","href":"https:\/\/api.w.org\/{rel}","templated":true}]}}