{"id":2684,"date":"2020-12-16T12:11:45","date_gmt":"2020-12-16T11:11:45","guid":{"rendered":"https:\/\/www.t-arb-marc.org\/?page_id=2684"},"modified":"2022-03-16T11:18:29","modified_gmt":"2022-03-16T10:18:29","slug":"arbitrage","status":"publish","type":"page","link":"https:\/\/www.t-arb-marc.org\/index.php\/arbitrage\/","title":{"rendered":"Arbitrage"},"content":{"rendered":"<p>[vc_section][vc_row][vc_column]\r\n        <div class=\"rs-heading    \">\r\n        \t<div class=\"title-inner \">\r\n        \t\t       \t\t\r\n\t            \r\n\t            <h1 class=\"title \"><span class=\"watermark\">Arbitrage<\/span>Arbitrage<\/h1>\r\n\t            <div class=\"title-img bottom-img\"><\/div>\r\n\t        <\/div><\/div>[\/vc_column][\/vc_row][\/vc_section][vc_row][vc_column][vc_separator][\/vc_column][\/vc_row][vc_row][vc_column][vc_column_text]<\/p>\n<p style=\"text-align: justify;\">L\u2019arbitrage est un mode conventionnel de r\u00e8glement des litiges par lequel les parties confient \u00e0 une ou plusieurs personnes qualifi\u00e9es, le pouvoir de trancher le litige par une sentence arbitrale qui aura les effets analogues \u00e0 ceux d\u2019une d\u00e9cision judiciaire. L\u2019Arbitre exerce donc une v\u00e9ritable mission juridictionnelle lui permettant d\u2019imposer la solution du litige aux parties. L\u2019Arbitrage peut r\u00e9sulter d\u2019une clause d\u2019arbitrage par laquelle, les parties ont pr\u00e9alablement \u00e0 tout litige, convenu de r\u00e9gler les conflits \u00e0 na\u00eetre par l\u2019arbitrage. En l\u2019absence de clause d\u2019arbitrage, les parties peuvent \u00e9galement, \u00e0 la naissance du litige,<br \/>\nconvenir par un compromis d\u2019arbitrage de r\u00e9gler leur diff\u00e9rend par l\u2019arbitrage. L\u2019Arbitrage peut se d\u00e9rouler sous l\u2019\u00e9gide d\u2019un Centre d\u2019arbitrage qui a un r\u00f4le administratif dans la proc\u00e9dure arbitrale. C\u2019est l\u2019arbitrage institutionnel. Au TOGO, nous avons \u00e0 cette date un seul centre d\u2019arbitrage qui est la CATO (Cour d\u2019Arbitrage de m\u00e9diation et de conciliation du TOGO).<br \/>\nLes parties peuvent \u00e9galement avoir recours \u00e0 l\u2019arbitrage du Centre d\u2019arbitrage de la Cour Commune de Justice et d\u2019Arbitrage (CCJA) de l\u2019Organisation pour l\u2019Harmonisation en Afrique du Droit des Affaires (OHADA). L\u2019Arbitrage peut \u00eatre ad hoc c\u2019est-\u00e0-dire sans l\u2019administration d\u2019un centre d\u2019arbitrage.[\/vc_column_text][vc_separator][\/vc_column][\/vc_row]<\/p>\n","protected":false},"excerpt":{"rendered":"<p>[vc_section][vc_row][vc_column][\/vc_column][\/vc_row][\/vc_section][vc_row][vc_column][vc_separator][\/vc_column][\/vc_row][vc_row][vc_column][vc_column_text] L\u2019arbitrage est un mode conventionnel de r\u00e8glement des litiges par lequel les parties confient \u00e0 une ou plusieurs personnes qualifi\u00e9es, le pouvoir de trancher le litige par une sentence arbitrale qui aura les effets analogues \u00e0 ceux d\u2019une d\u00e9cision judiciaire. L\u2019Arbitre exerce donc une v\u00e9ritable mission juridictionnelle lui permettant d\u2019imposer la solution du litige&#8230;<\/p>\n","protected":false},"author":2,"featured_media":0,"parent":0,"menu_order":0,"comment_status":"closed","ping_status":"closed","template":"","meta":{"footnotes":""},"class_list":["post-2684","page","type-page","status-publish","hentry"],"yoast_head":"<!-- This site is optimized with the Yoast SEO plugin v27.4 - https:\/\/yoast.com\/product\/yoast-seo-wordpress\/ -->\n<title>Arbitrage - T-Arb &amp; MARC<\/title>\n<meta name=\"robots\" content=\"index, follow, max-snippet:-1, max-image-preview:large, max-video-preview:-1\" \/>\n<link rel=\"canonical\" href=\"https:\/\/www.t-arb-marc.org\/index.php\/arbitrage\/\" \/>\n<meta property=\"og:locale\" content=\"fr_FR\" \/>\n<meta property=\"og:type\" content=\"article\" \/>\n<meta property=\"og:title\" content=\"Arbitrage - T-Arb &amp; MARC\" \/>\n<meta property=\"og:description\" content=\"[vc_section][vc_row][vc_column][\/vc_column][\/vc_row][\/vc_section][vc_row][vc_column][vc_separator][\/vc_column][\/vc_row][vc_row][vc_column][vc_column_text] L\u2019arbitrage est un mode conventionnel de r\u00e8glement des litiges par lequel les parties confient \u00e0 une ou plusieurs personnes qualifi\u00e9es, le pouvoir de trancher le litige par une sentence arbitrale qui aura les effets analogues \u00e0 ceux d\u2019une d\u00e9cision judiciaire. L\u2019Arbitre exerce donc une v\u00e9ritable mission juridictionnelle lui permettant d\u2019imposer la solution du litige...\" \/>\n<meta property=\"og:url\" content=\"https:\/\/www.t-arb-marc.org\/index.php\/arbitrage\/\" \/>\n<meta property=\"og:site_name\" content=\"T-Arb &amp; MARC\" \/>\n<meta property=\"article:modified_time\" content=\"2022-03-16T10:18:29+00:00\" \/>\n<meta name=\"twitter:card\" content=\"summary_large_image\" \/>\n<meta name=\"twitter:label1\" content=\"Dur\u00e9e de lecture estim\u00e9e\" \/>\n\t<meta name=\"twitter:data1\" content=\"1 minute\" \/>\n<script type=\"application\/ld+json\" class=\"yoast-schema-graph\">{\"@context\":\"https:\\\/\\\/schema.org\",\"@graph\":[{\"@type\":\"WebPage\",\"@id\":\"https:\\\/\\\/www.t-arb-marc.org\\\/index.php\\\/arbitrage\\\/\",\"url\":\"https:\\\/\\\/www.t-arb-marc.org\\\/index.php\\\/arbitrage\\\/\",\"name\":\"Arbitrage - T-Arb &amp; MARC\",\"isPartOf\":{\"@id\":\"https:\\\/\\\/www.t-arb-marc.org\\\/#website\"},\"datePublished\":\"2020-12-16T11:11:45+00:00\",\"dateModified\":\"2022-03-16T10:18:29+00:00\",\"breadcrumb\":{\"@id\":\"https:\\\/\\\/www.t-arb-marc.org\\\/index.php\\\/arbitrage\\\/#breadcrumb\"},\"inLanguage\":\"fr-FR\",\"potentialAction\":[{\"@type\":\"ReadAction\",\"target\":[\"https:\\\/\\\/www.t-arb-marc.org\\\/index.php\\\/arbitrage\\\/\"]}]},{\"@type\":\"BreadcrumbList\",\"@id\":\"https:\\\/\\\/www.t-arb-marc.org\\\/index.php\\\/arbitrage\\\/#breadcrumb\",\"itemListElement\":[{\"@type\":\"ListItem\",\"position\":1,\"name\":\"Accueil\",\"item\":\"https:\\\/\\\/www.t-arb-marc.org\\\/\"},{\"@type\":\"ListItem\",\"position\":2,\"name\":\"Arbitrage\"}]},{\"@type\":\"WebSite\",\"@id\":\"https:\\\/\\\/www.t-arb-marc.org\\\/#website\",\"url\":\"https:\\\/\\\/www.t-arb-marc.org\\\/\",\"name\":\"T-Arb &amp; MARC\",\"description\":\"Togo arbitrage, mediation conciliation\",\"publisher\":{\"@id\":\"https:\\\/\\\/www.t-arb-marc.org\\\/#organization\"},\"potentialAction\":[{\"@type\":\"SearchAction\",\"target\":{\"@type\":\"EntryPoint\",\"urlTemplate\":\"https:\\\/\\\/www.t-arb-marc.org\\\/?s={search_term_string}\"},\"query-input\":{\"@type\":\"PropertyValueSpecification\",\"valueRequired\":true,\"valueName\":\"search_term_string\"}}],\"inLanguage\":\"fr-FR\"},{\"@type\":\"Organization\",\"@id\":\"https:\\\/\\\/www.t-arb-marc.org\\\/#organization\",\"name\":\"T-Arb &amp; MARC\",\"url\":\"https:\\\/\\\/www.t-arb-marc.org\\\/\",\"logo\":{\"@type\":\"ImageObject\",\"inLanguage\":\"fr-FR\",\"@id\":\"https:\\\/\\\/www.t-arb-marc.org\\\/#\\\/schema\\\/logo\\\/image\\\/\",\"url\":\"https:\\\/\\\/www.t-arb-marc.org\\\/wp-content\\\/uploads\\\/2020\\\/12\\\/cropped-Asset-54-e1608197314980.png\",\"contentUrl\":\"https:\\\/\\\/www.t-arb-marc.org\\\/wp-content\\\/uploads\\\/2020\\\/12\\\/cropped-Asset-54-e1608197314980.png\",\"width\":200,\"height\":200,\"caption\":\"T-Arb &amp; MARC\"},\"image\":{\"@id\":\"https:\\\/\\\/www.t-arb-marc.org\\\/#\\\/schema\\\/logo\\\/image\\\/\"}}]}<\/script>\n<!-- \/ Yoast SEO plugin. -->","yoast_head_json":{"title":"Arbitrage - T-Arb &amp; MARC","robots":{"index":"index","follow":"follow","max-snippet":"max-snippet:-1","max-image-preview":"max-image-preview:large","max-video-preview":"max-video-preview:-1"},"canonical":"https:\/\/www.t-arb-marc.org\/index.php\/arbitrage\/","og_locale":"fr_FR","og_type":"article","og_title":"Arbitrage - T-Arb &amp; MARC","og_description":"[vc_section][vc_row][vc_column][\/vc_column][\/vc_row][\/vc_section][vc_row][vc_column][vc_separator][\/vc_column][\/vc_row][vc_row][vc_column][vc_column_text] L\u2019arbitrage est un mode conventionnel de r\u00e8glement des litiges par lequel les parties confient \u00e0 une ou plusieurs personnes qualifi\u00e9es, le pouvoir de trancher le litige par une sentence arbitrale qui aura les effets analogues \u00e0 ceux d\u2019une d\u00e9cision judiciaire. L\u2019Arbitre exerce donc une v\u00e9ritable mission juridictionnelle lui permettant d\u2019imposer la solution du litige...","og_url":"https:\/\/www.t-arb-marc.org\/index.php\/arbitrage\/","og_site_name":"T-Arb &amp; MARC","article_modified_time":"2022-03-16T10:18:29+00:00","twitter_card":"summary_large_image","twitter_misc":{"Dur\u00e9e de lecture estim\u00e9e":"1 minute"},"schema":{"@context":"https:\/\/schema.org","@graph":[{"@type":"WebPage","@id":"https:\/\/www.t-arb-marc.org\/index.php\/arbitrage\/","url":"https:\/\/www.t-arb-marc.org\/index.php\/arbitrage\/","name":"Arbitrage - T-Arb &amp; MARC","isPartOf":{"@id":"https:\/\/www.t-arb-marc.org\/#website"},"datePublished":"2020-12-16T11:11:45+00:00","dateModified":"2022-03-16T10:18:29+00:00","breadcrumb":{"@id":"https:\/\/www.t-arb-marc.org\/index.php\/arbitrage\/#breadcrumb"},"inLanguage":"fr-FR","potentialAction":[{"@type":"ReadAction","target":["https:\/\/www.t-arb-marc.org\/index.php\/arbitrage\/"]}]},{"@type":"BreadcrumbList","@id":"https:\/\/www.t-arb-marc.org\/index.php\/arbitrage\/#breadcrumb","itemListElement":[{"@type":"ListItem","position":1,"name":"Accueil","item":"https:\/\/www.t-arb-marc.org\/"},{"@type":"ListItem","position":2,"name":"Arbitrage"}]},{"@type":"WebSite","@id":"https:\/\/www.t-arb-marc.org\/#website","url":"https:\/\/www.t-arb-marc.org\/","name":"T-Arb &amp; MARC","description":"Togo arbitrage, mediation conciliation","publisher":{"@id":"https:\/\/www.t-arb-marc.org\/#organization"},"potentialAction":[{"@type":"SearchAction","target":{"@type":"EntryPoint","urlTemplate":"https:\/\/www.t-arb-marc.org\/?s={search_term_string}"},"query-input":{"@type":"PropertyValueSpecification","valueRequired":true,"valueName":"search_term_string"}}],"inLanguage":"fr-FR"},{"@type":"Organization","@id":"https:\/\/www.t-arb-marc.org\/#organization","name":"T-Arb &amp; MARC","url":"https:\/\/www.t-arb-marc.org\/","logo":{"@type":"ImageObject","inLanguage":"fr-FR","@id":"https:\/\/www.t-arb-marc.org\/#\/schema\/logo\/image\/","url":"https:\/\/www.t-arb-marc.org\/wp-content\/uploads\/2020\/12\/cropped-Asset-54-e1608197314980.png","contentUrl":"https:\/\/www.t-arb-marc.org\/wp-content\/uploads\/2020\/12\/cropped-Asset-54-e1608197314980.png","width":200,"height":200,"caption":"T-Arb &amp; MARC"},"image":{"@id":"https:\/\/www.t-arb-marc.org\/#\/schema\/logo\/image\/"}}]}},"_links":{"self":[{"href":"https:\/\/www.t-arb-marc.org\/index.php\/wp-json\/wp\/v2\/pages\/2684","targetHints":{"allow":["GET"]}}],"collection":[{"href":"https:\/\/www.t-arb-marc.org\/index.php\/wp-json\/wp\/v2\/pages"}],"about":[{"href":"https:\/\/www.t-arb-marc.org\/index.php\/wp-json\/wp\/v2\/types\/page"}],"author":[{"embeddable":true,"href":"https:\/\/www.t-arb-marc.org\/index.php\/wp-json\/wp\/v2\/users\/2"}],"replies":[{"embeddable":true,"href":"https:\/\/www.t-arb-marc.org\/index.php\/wp-json\/wp\/v2\/comments?post=2684"}],"version-history":[{"count":7,"href":"https:\/\/www.t-arb-marc.org\/index.php\/wp-json\/wp\/v2\/pages\/2684\/revisions"}],"predecessor-version":[{"id":2852,"href":"https:\/\/www.t-arb-marc.org\/index.php\/wp-json\/wp\/v2\/pages\/2684\/revisions\/2852"}],"wp:attachment":[{"href":"https:\/\/www.t-arb-marc.org\/index.php\/wp-json\/wp\/v2\/media?parent=2684"}],"curies":[{"name":"wp","href":"https:\/\/api.w.org\/{rel}","templated":true}]}}