{"id":2629,"date":"2019-06-29T20:25:16","date_gmt":"2019-06-29T18:25:16","guid":{"rendered":"https:\/\/rstheme.com\/products\/wordpress\/advokat\/?page_id=2461"},"modified":"2022-04-07T18:26:17","modified_gmt":"2022-04-07T16:26:17","slug":"accueil","status":"publish","type":"page","link":"https:\/\/www.t-arb-marc.org\/","title":{"rendered":"Accueil"},"content":{"rendered":"<p>[vc_row css=&#8221;.vc_custom_1561539826162{margin-top: -130px !important;}&#8221; el_class=&#8221;mobl-mt100 home1top-service&#8221;][vc_column][vc_row_inner equal_height=&#8221;yes&#8221; css=&#8221;.vc_custom_1561187662401{padding-right: 15px !important;padding-left: 15px !important;}&#8221;][vc_column_inner width=&#8221;1\/3&#8243; css=&#8221;.vc_custom_1557135638624{padding-right: 0px !important;padding-left: 0px !important;}&#8221;]<div class=\"rs-services-style3  services-left  vc_custom_1608219120674 \" data-overlay=\"#222\" data-opacity=\"1\"  >\r\n\t\r\n\t<div class=\"services-item\">\r\n\t\t<div class=\"services-icon\" >\r\n\t\t\t\t\t\t\t<div class=\"service-img-icon\"><img decoding=\"async\" src=\"https:\/\/www.t-arb-marc.org\/wp-content\/uploads\/2019\/06\/target.png\" alt=\"\"><\/div>\r\n\t\t\t\t\t\t\r\n\t\t<\/div>\r\n\t\t<div class=\"services-desc\" >\r\n\t\t\t<h3 class=\"services-title\" style=\"\"><a href=\"#\" title=\"\" style=\"color: #ffffff;font-size: 24px;\" > Arbitrage <\/a><\/h3>\r\n\t\t\t<p  style=\"color: #d1d1d1\"><\/p>\n<p style=\"text-align: justify;\"><span style=\"font-weight: 400; color: #ffffff;\">L\u2019arbitrage est un mode conventionnel de r\u00e8glement des litiges par lequel les parties confient \u00e0 une ou plusieurs personnes qualifi\u00e9es, le pouvoir de trancher le litige par une sentence arbitrale qui aura les effets analogues \u00e0 ceux d\u2019une d\u00e9cision judiciaire.<\/span><\/p>\n<p><\/p>\r\n\t\t<\/div>\r\n\t<\/div>\t\r\n<\/div>[\/vc_column_inner][vc_column_inner el_class=&#8221;dark-bg&#8221; width=&#8221;1\/3&#8243; css=&#8221;.vc_custom_1557137287469{padding-right: 0px !important;padding-left: 0px !important;}&#8221;]<div class=\"rs-services-style3  services-left  vc_custom_1608219155432 \" data-overlay=\"#222\" data-opacity=\"1\"  >\r\n\t\r\n\t<div class=\"services-item\">\r\n\t\t<div class=\"services-icon\" >\r\n\t\t\t\t\t\t\t<div class=\"service-img-icon\"><img decoding=\"async\" src=\"https:\/\/www.t-arb-marc.org\/wp-content\/uploads\/2019\/06\/stopwatch.png\" alt=\"\"><\/div>\r\n\t\t\t\t\t\t\r\n\t\t<\/div>\r\n\t\t<div class=\"services-desc\" >\r\n\t\t\t<h3 class=\"services-title\" style=\"\"><a href=\"#\" title=\"\" style=\"color: #ffffff;font-size: 24px;\" > M\u00e9diation <\/a><\/h3>\r\n\t\t\t<p  style=\"color: #d1d1d1\"><\/p>\n<p style=\"text-align: justify;\"><span style=\"font-weight: 400; color: #ffffff;\">La m\u00e9diation est un mode de r\u00e8glement des litiges par lequel les parties choisissent une ou plusieurs personnes qualifi\u00e9es pour leur proposer une solution \u00e0 leur conflit.<\/span><\/p>\n<p><\/p>\r\n\t\t<\/div>\r\n\t<\/div>\t\r\n<\/div>[\/vc_column_inner][vc_column_inner width=&#8221;1\/3&#8243; css=&#8221;.vc_custom_1557135651392{padding-right: 0px !important;padding-left: 0px !important;}&#8221;]<div class=\"rs-services-style3  services-left  vc_custom_1608219206081 \" data-overlay=\"#222\" data-opacity=\"0.8\"  >\r\n\t\r\n\t<div class=\"services-item\">\r\n\t\t<div class=\"services-icon\" >\r\n\t\t\t\t\t\t\t<div class=\"service-img-icon\"><img decoding=\"async\" src=\"https:\/\/www.t-arb-marc.org\/wp-content\/uploads\/2019\/06\/recommeded.png\" alt=\"\"><\/div>\r\n\t\t\t\t\t\t\r\n\t\t<\/div>\r\n\t\t<div class=\"services-desc\" >\r\n\t\t\t<h3 class=\"services-title\" style=\"\"><a href=\"#\" title=\"\" style=\"color: #ffffff;font-size: 24px;\" > Conciliation <\/a><\/h3>\r\n\t\t\t<p  style=\"color: #d1d1d1\"><\/p>\n<p style=\"text-align: justify;\"><span style=\"color: #ffffff;\"><span style=\"font-weight: 400;\">La conciliation, comme la m\u00e9diation est un mode de r\u00e8glement des litiges par lequel les parties choisissent une ou plusieurs personnes qualifi\u00e9es pour les aider \u00e0 trouver une solution \u00e0 leur conflit.\u00a0<\/span><span style=\"font-weight: 400;\">Le\u00a0 conciliateur comme le m\u00e9diateur favorise le dialogue\u00a0<\/span><\/span><\/p>\n<p><\/p>\r\n\t\t<\/div>\r\n\t<\/div>\t\r\n<\/div>[\/vc_column_inner][\/vc_row_inner][\/vc_column][\/vc_row][vc_row full_width=&#8221;stretch_row&#8221; equal_height=&#8221;yes&#8221; css=&#8221;.vc_custom_1561786032536{padding-top: 80px !important;padding-bottom: 120px !important;background-color: #1f2839 !important;background-position: center !important;background-repeat: no-repeat !important;background-size: cover !important;}&#8221; el_class=&#8221;mob-plr15&#8243;][vc_column width=&#8221;1\/2&#8243; css=&#8221;.vc_custom_1561620024978{margin-bottom: 0px !important;padding-bottom: 0px !important;}&#8221;][vc_column_text]<\/p>\n<h1><span style=\"color: #b69d74;\">Pr\u00e9sentation du projet<\/span><\/h1>\n<div id=\"gtx-trans\" style=\"position: absolute; left: -20px; top: -4.0875px;\">\n<div class=\"gtx-trans-icon\"><\/div>\n<\/div>\n<p>[\/vc_column_text][vc_separator][vc_row_inner][vc_column_inner][vc_column_text css_animation=&#8221;fadeIn&#8221;]<\/p>\n<p style=\"text-align: justify;\"><span style=\"color: #ffffff;\">Le projet T-Arb &amp; MARC (\u00ab TOGO-ARBITRAGE ET MODES ALTERNATIFS DE R\u00c8GLEMENT DES CONFLITS \u00bb) a pour ambition de mettre \u00e0 la disposition des professionnels du droit et des justiciables, un site web permettant d\u2019avoir des informations juridiques sur la pratique de l&#8217;arbitrage et des modes alternatifs de r\u00e8glement des conflits au TOGO. \u00e0 l&#8217;heure o\u00f9 le l\u00e9gislateur togolais pr\u00f4ne le recours \u00e0 l&#8217;arbitrage et aux modes alternatifs r\u00e8glements des conflits pour solutionner les diff\u00e9rends commerciaux et ceux relatifs aux investissements, ce site web entend faciliter l&#8217;acc\u00e8s \u00e0 une information juridique de qualit\u00e9.<\/span><\/p>\n<p>[\/vc_column_text][\/vc_column_inner][\/vc_row_inner][\/vc_column][vc_column width=&#8221;1\/2&#8243;][vc_single_image image=&#8221;2764&#8243; img_size=&#8221;large&#8221;][\/vc_column][\/vc_row][vc_row full_width=&#8221;stretch_row&#8221; css=&#8221;.vc_custom_1561541187165{padding-top: 20px !important;padding-bottom: 54px !important;background-color: #263043 !important;background-position: 0 0 !important;background-repeat: repeat !important;}&#8221;][vc_column][vc_row_inner][vc_column_inner width=&#8221;1\/3&#8243;][vc_column_text]<\/p>\n<p style=\"text-align: center;\">L\u2019Ordre des Avocats du Togo<\/p>\n<div id=\"gtx-trans\" style=\"position: absolute; left: -22px; top: -10px;\">\n<div class=\"gtx-trans-icon\"><\/div>\n<\/div>\n<p>[\/vc_column_text][vc_empty_space height=&#8221;4&#8243;][vc_single_image image=&#8221;2846&#8243; alignment=&#8221;center&#8221; style=&#8221;vc_box_shadow_3d&#8221; onclick=&#8221;custom_link&#8221; img_link_target=&#8221;_blank&#8221; link=&#8221;https:\/\/www.t-arb-marc.org\/index.php\/description-des-partenaires\/&#8221;][\/vc_column_inner][vc_column_inner width=&#8221;1\/3&#8243;][vc_column_text]<\/p>\n<p style=\"text-align: center;\">Le Tribunal de commerce de Lom\u00e9<\/p>\n<p>[\/vc_column_text][vc_empty_space height=&#8221;4&#8243;][vc_single_image image=&#8221;2708&#8243; alignment=&#8221;center&#8221; style=&#8221;vc_box_shadow_3d&#8221; onclick=&#8221;custom_link&#8221; img_link_target=&#8221;_blank&#8221; link=&#8221;https:\/\/www.t-arb-marc.org\/index.php\/description-des-partenaires\/&#8221;][\/vc_column_inner][vc_column_inner width=&#8221;1\/3&#8243;][vc_column_text]<\/p>\n<p style=\"text-align: center;\">SCPA AQUEREBURU &amp; Partners<\/p>\n<p>[\/vc_column_text][vc_empty_space height=&#8221;4&#8243;][vc_single_image image=&#8221;2710&#8243; alignment=&#8221;center&#8221; style=&#8221;vc_box_shadow_3d&#8221; onclick=&#8221;custom_link&#8221; img_link_target=&#8221;_blank&#8221; link=&#8221;https:\/\/www.t-arb-marc.org\/index.php\/description-des-partenaires\/&#8221;][\/vc_column_inner][\/vc_row_inner][vc_row_inner][vc_column_inner width=&#8221;1\/3&#8243;][vc_column_text]<\/p>\n<p style=\"text-align: center;\">SCPA Martial Akakpo &amp; Associ\u00e9s<\/p>\n<div id=\"gtx-trans\" style=\"position: absolute; left: -22px; top: -10px;\">\n<div class=\"gtx-trans-icon\"><\/div>\n<\/div>\n<p>[\/vc_column_text][vc_empty_space height=&#8221;4&#8243;][vc_single_image image=&#8221;2709&#8243; alignment=&#8221;center&#8221; style=&#8221;vc_box_shadow_3d&#8221; onclick=&#8221;custom_link&#8221; img_link_target=&#8221;_blank&#8221; link=&#8221;https:\/\/www.t-arb-marc.org\/index.php\/description-des-partenaires\/&#8221;][\/vc_column_inner][vc_column_inner width=&#8221;1\/3&#8243;][\/vc_column_inner][vc_column_inner width=&#8221;1\/3&#8243;][vc_column_text]<\/p>\n<p style=\"text-align: center;\">CIGHO<\/p>\n<p>[\/vc_column_text][vc_empty_space height=&#8221;4&#8243;][vc_single_image image=&#8221;2848&#8243; alignment=&#8221;center&#8221; style=&#8221;vc_box_shadow_3d&#8221; onclick=&#8221;custom_link&#8221; img_link_target=&#8221;_blank&#8221; link=&#8221;https:\/\/www.t-arb-marc.org\/index.php\/description-des-partenaires\/&#8221;][\/vc_column_inner][\/vc_row_inner][\/vc_column][\/vc_row][vc_row css=&#8221;.vc_custom_1647509013063{padding-top: 20px !important;}&#8221;][vc_column]\r\n        <div class=\"rs-heading    text-center\">\r\n        \t<div class=\"title-inner \">\r\n        \t\t       \t\t\r\n\t            \r\n\t            <h1 class=\"title title-upper\"><span class=\"watermark\">Pr\u00e9sentation<\/span>Pr\u00e9sentation des porteurs du projet<\/h1>\r\n\t            <div class=\"title-img bottom-img\"><\/div>\r\n\t        <\/div><\/div>[vc_separator][\/vc_column][\/vc_row][vc_row css=&#8221;.vc_custom_1647508982166{padding-top: 50px !important;padding-bottom: 50px !important;}&#8221;][vc_column width=&#8221;1\/2&#8243;]\r\n        <div class=\"rs-heading   vc_custom_1649348764582  \">\r\n        \t<div class=\"title-inner \">\r\n        \t\t       \t\t\r\n\t            \r\n\t            <h2 class=\"title \"><span class=\"watermark\">GBADOE<\/span>Me Ay\u00e9l\u00e9 Annie GBADOE DECKON<\/h2>\r\n\t            <div class=\"title-img bottom-img\"><\/div>\r\n\t        <\/div><\/div>[vc_column_text]<span style=\"font-weight: 400;\">Ay\u00e9l\u00e9 Annie GBADOE DECKON est Avocate au Barreau du TOGO et Arbitre.\u00a0 Elle est membre de la Cour Permanente d\u2019Arbitrage (CPA) de la Haye. Sp\u00e9cialis\u00e9e en droit des affaires, elle\u00a0 intervient devant les juridictions \u00e9tatiques et arbitrales \u00e0 l\u2019occasion de litiges en droit bancaire et financier, droit maritime et droit des assurances. Avant de rejoindre le Barreau du TOGO en 2012, elle a \u00e9t\u00e9 pendant 5 ans, juriste au sein d\u2019une institution financi\u00e8re internationale.\u00a0<\/span><\/p>\n<p><span style=\"font-weight: 400;\">Ay\u00e9l\u00e9 Annie GBADOE DECKON est titulaire d\u2019un dipl\u00f4me de 3e cycle en contentieux international des affaires et d\u2019un DESS en Droit des Assurances et de la responsabilit\u00e9 de l\u2019Universit\u00e9 Paris-Est-Cr\u00e9teil. Elle a \u00e9t\u00e9 stagiaire au Centre d\u2019Arbitrage de la Cour Commune de Justice et d\u2019Arbitrage (CCJA) des \u00c9tats de l\u2019OHADA, \u00e0 AXA- FRANCE et \u00e0 la Banque Centrale des \u00c9tats de l\u2019Afrique de l\u2019Ouest (BCEAO).<\/span><\/p>\n<p style=\"text-align: justify;\"><strong>Fondatrice de Tmarc<\/strong><\/p>\n<p>[\/vc_column_text][\/vc_column][vc_column width=&#8221;1\/2&#8243;]\r\n        <div class=\"rs-heading   vc_custom_1647606800172  \">\r\n        \t<div class=\"title-inner \">\r\n        \t\t       \t\t\r\n\t            \r\n\t            <h2 class=\"title \"><span class=\"watermark\">AMENYINU<\/span>Me Teko Seyram AMENYINU<\/h2>\r\n\t            <div class=\"title-img bottom-img\"><\/div>\r\n\t        <\/div><\/div>[vc_column_text]T\u00eako Seyram AMENYINU est Avocat au Barreau du TOGO. Actuellement en omission, il occupe pr\u00e9sentement les fonctions de Conseiller Juridique Afrique d\u2019une multinationale am\u00e9ricaine sp\u00e9cialis\u00e9e dans la s\u00e9curit\u00e9 priv\u00e9e.<\/p>\n<p>Titulaire du dipl\u00f4me d\u2019Etudes Approfondies en Droit Priv\u00e9 Fondamental de l\u2019Universit\u00e9 de Lom\u00e9, il dispose de solides connaissances en droit OHADA et en droit social. Il est le repr\u00e9sentant de l\u2019association pour l\u2019unification du Droit en Afrique (UNIDA) au Togo. Il est par ailleurs inscrit sur la liste des arbitres de la <em>Federation of Integrated Conflict Management<\/em> (<a href=\"https:\/\/ficmecosystem.com\/\">Federation of Integrated Conflict Management \u2013 Dispute Prevention and Resolution Worldwide (ficmecosystem.com)<\/a><\/p>\n<p>&nbsp;<\/p>\n<p><strong>Fondateur de Tmarc<\/strong>[\/vc_column_text][\/vc_column][\/vc_row]<\/p>\n","protected":false},"excerpt":{"rendered":"<p>[vc_row css=&#8221;.vc_custom_1561539826162{margin-top: -130px !important;}&#8221; el_class=&#8221;mobl-mt100 home1top-service&#8221;][vc_column][vc_row_inner equal_height=&#8221;yes&#8221; css=&#8221;.vc_custom_1561187662401{padding-right: 15px !important;padding-left: 15px !important;}&#8221;][vc_column_inner width=&#8221;1\/3&#8243; css=&#8221;.vc_custom_1557135638624{padding-right: 0px !important;padding-left: 0px !important;}&#8221;][\/vc_column_inner][vc_column_inner el_class=&#8221;dark-bg&#8221; width=&#8221;1\/3&#8243; css=&#8221;.vc_custom_1557137287469{padding-right: 0px !important;padding-left: 0px !important;}&#8221;][\/vc_column_inner][vc_column_inner width=&#8221;1\/3&#8243; css=&#8221;.vc_custom_1557135651392{padding-right: 0px !important;padding-left: 0px !important;}&#8221;][\/vc_column_inner][\/vc_row_inner][\/vc_column][\/vc_row][vc_row full_width=&#8221;stretch_row&#8221; equal_height=&#8221;yes&#8221; css=&#8221;.vc_custom_1561786032536{padding-top: 80px !important;padding-bottom: 120px !important;background-color: #1f2839 !important;background-position: center !important;background-repeat: no-repeat !important;background-size: cover !important;}&#8221; el_class=&#8221;mob-plr15&#8243;][vc_column width=&#8221;1\/2&#8243; css=&#8221;.vc_custom_1561620024978{margin-bottom: 0px !important;padding-bottom: 0px !important;}&#8221;][vc_column_text] Pr\u00e9sentation du&#8230;<\/p>\n","protected":false},"author":2,"featured_media":2680,"parent":0,"menu_order":0,"comment_status":"closed","ping_status":"closed","template":"","meta":{"footnotes":""},"class_list":["post-2629","page","type-page","status-publish","has-post-thumbnail","hentry"],"yoast_head":"<!-- This site is optimized with the Yoast SEO plugin v27.4 - https:\/\/yoast.com\/product\/yoast-seo-wordpress\/ -->\n<title>Accueil - T-Arb &amp; MARC<\/title>\n<meta name=\"robots\" content=\"index, follow, max-snippet:-1, max-image-preview:large, max-video-preview:-1\" \/>\n<link rel=\"canonical\" href=\"https:\/\/www.t-arb-marc.org\/\" \/>\n<meta property=\"og:locale\" content=\"fr_FR\" \/>\n<meta property=\"og:type\" content=\"article\" \/>\n<meta property=\"og:title\" content=\"Accueil - T-Arb &amp; MARC\" \/>\n<meta property=\"og:description\" content=\"[vc_row css=&#8221;.vc_custom_1561539826162{margin-top: -130px !important;}&#8221; el_class=&#8221;mobl-mt100 home1top-service&#8221;][vc_column][vc_row_inner equal_height=&#8221;yes&#8221; css=&#8221;.vc_custom_1561187662401{padding-right: 15px !important;padding-left: 15px !important;}&#8221;][vc_column_inner width=&#8221;1\/3&#8243; css=&#8221;.vc_custom_1557135638624{padding-right: 0px !important;padding-left: 0px !important;}&#8221;][\/vc_column_inner][vc_column_inner el_class=&#8221;dark-bg&#8221; width=&#8221;1\/3&#8243; css=&#8221;.vc_custom_1557137287469{padding-right: 0px !important;padding-left: 0px !important;}&#8221;][\/vc_column_inner][vc_column_inner width=&#8221;1\/3&#8243; css=&#8221;.vc_custom_1557135651392{padding-right: 0px !important;padding-left: 0px !important;}&#8221;][\/vc_column_inner][\/vc_row_inner][\/vc_column][\/vc_row][vc_row full_width=&#8221;stretch_row&#8221; equal_height=&#8221;yes&#8221; css=&#8221;.vc_custom_1561786032536{padding-top: 80px !important;padding-bottom: 120px !important;background-color: #1f2839 !important;background-position: center !important;background-repeat: no-repeat !important;background-size: cover !important;}&#8221; el_class=&#8221;mob-plr15&#8243;][vc_column width=&#8221;1\/2&#8243; css=&#8221;.vc_custom_1561620024978{margin-bottom: 0px !important;padding-bottom: 0px !important;}&#8221;][vc_column_text] Pr\u00e9sentation du...\" \/>\n<meta property=\"og:url\" content=\"https:\/\/www.t-arb-marc.org\/\" \/>\n<meta property=\"og:site_name\" content=\"T-Arb &amp; MARC\" \/>\n<meta property=\"article:modified_time\" content=\"2022-04-07T16:26:17+00:00\" \/>\n<meta property=\"og:image\" content=\"https:\/\/www.t-arb-marc.org\/wp-content\/uploads\/2020\/12\/Fichier-10logo-e1608135498373.jpg\" \/>\n\t<meta property=\"og:image:width\" content=\"50\" \/>\n\t<meta property=\"og:image:height\" content=\"43\" \/>\n\t<meta property=\"og:image:type\" content=\"image\/jpeg\" \/>\n<meta name=\"twitter:card\" content=\"summary_large_image\" \/>\n<meta name=\"twitter:label1\" content=\"Dur\u00e9e de lecture estim\u00e9e\" \/>\n\t<meta name=\"twitter:data1\" content=\"6 minutes\" \/>\n<script type=\"application\/ld+json\" class=\"yoast-schema-graph\">{\"@context\":\"https:\\\/\\\/schema.org\",\"@graph\":[{\"@type\":\"WebPage\",\"@id\":\"https:\\\/\\\/www.t-arb-marc.org\\\/\",\"url\":\"https:\\\/\\\/www.t-arb-marc.org\\\/\",\"name\":\"Accueil - T-Arb &amp; MARC\",\"isPartOf\":{\"@id\":\"https:\\\/\\\/www.t-arb-marc.org\\\/#website\"},\"primaryImageOfPage\":{\"@id\":\"https:\\\/\\\/www.t-arb-marc.org\\\/#primaryimage\"},\"image\":{\"@id\":\"https:\\\/\\\/www.t-arb-marc.org\\\/#primaryimage\"},\"thumbnailUrl\":\"https:\\\/\\\/www.t-arb-marc.org\\\/wp-content\\\/uploads\\\/2020\\\/12\\\/Fichier-10logo-e1608135498373.jpg\",\"datePublished\":\"2019-06-29T18:25:16+00:00\",\"dateModified\":\"2022-04-07T16:26:17+00:00\",\"breadcrumb\":{\"@id\":\"https:\\\/\\\/www.t-arb-marc.org\\\/#breadcrumb\"},\"inLanguage\":\"fr-FR\",\"potentialAction\":[{\"@type\":\"ReadAction\",\"target\":[\"https:\\\/\\\/www.t-arb-marc.org\\\/\"]}]},{\"@type\":\"ImageObject\",\"inLanguage\":\"fr-FR\",\"@id\":\"https:\\\/\\\/www.t-arb-marc.org\\\/#primaryimage\",\"url\":\"https:\\\/\\\/www.t-arb-marc.org\\\/wp-content\\\/uploads\\\/2020\\\/12\\\/Fichier-10logo-e1608135498373.jpg\",\"contentUrl\":\"https:\\\/\\\/www.t-arb-marc.org\\\/wp-content\\\/uploads\\\/2020\\\/12\\\/Fichier-10logo-e1608135498373.jpg\",\"width\":50,\"height\":43},{\"@type\":\"BreadcrumbList\",\"@id\":\"https:\\\/\\\/www.t-arb-marc.org\\\/#breadcrumb\",\"itemListElement\":[{\"@type\":\"ListItem\",\"position\":1,\"name\":\"Accueil\",\"item\":\"https:\\\/\\\/www.t-arb-marc.org\\\/\"},{\"@type\":\"ListItem\",\"position\":2,\"name\":\"Accueil\"}]},{\"@type\":\"WebSite\",\"@id\":\"https:\\\/\\\/www.t-arb-marc.org\\\/#website\",\"url\":\"https:\\\/\\\/www.t-arb-marc.org\\\/\",\"name\":\"T-Arb &amp; MARC\",\"description\":\"Togo arbitrage, mediation conciliation\",\"publisher\":{\"@id\":\"https:\\\/\\\/www.t-arb-marc.org\\\/#organization\"},\"potentialAction\":[{\"@type\":\"SearchAction\",\"target\":{\"@type\":\"EntryPoint\",\"urlTemplate\":\"https:\\\/\\\/www.t-arb-marc.org\\\/?s={search_term_string}\"},\"query-input\":{\"@type\":\"PropertyValueSpecification\",\"valueRequired\":true,\"valueName\":\"search_term_string\"}}],\"inLanguage\":\"fr-FR\"},{\"@type\":\"Organization\",\"@id\":\"https:\\\/\\\/www.t-arb-marc.org\\\/#organization\",\"name\":\"T-Arb &amp; MARC\",\"url\":\"https:\\\/\\\/www.t-arb-marc.org\\\/\",\"logo\":{\"@type\":\"ImageObject\",\"inLanguage\":\"fr-FR\",\"@id\":\"https:\\\/\\\/www.t-arb-marc.org\\\/#\\\/schema\\\/logo\\\/image\\\/\",\"url\":\"https:\\\/\\\/www.t-arb-marc.org\\\/wp-content\\\/uploads\\\/2020\\\/12\\\/cropped-Asset-54-e1608197314980.png\",\"contentUrl\":\"https:\\\/\\\/www.t-arb-marc.org\\\/wp-content\\\/uploads\\\/2020\\\/12\\\/cropped-Asset-54-e1608197314980.png\",\"width\":200,\"height\":200,\"caption\":\"T-Arb &amp; MARC\"},\"image\":{\"@id\":\"https:\\\/\\\/www.t-arb-marc.org\\\/#\\\/schema\\\/logo\\\/image\\\/\"}}]}<\/script>\n<!-- \/ Yoast SEO plugin. -->","yoast_head_json":{"title":"Accueil - T-Arb &amp; MARC","robots":{"index":"index","follow":"follow","max-snippet":"max-snippet:-1","max-image-preview":"max-image-preview:large","max-video-preview":"max-video-preview:-1"},"canonical":"https:\/\/www.t-arb-marc.org\/","og_locale":"fr_FR","og_type":"article","og_title":"Accueil - T-Arb &amp; MARC","og_description":"[vc_row css=&#8221;.vc_custom_1561539826162{margin-top: -130px !important;}&#8221; el_class=&#8221;mobl-mt100 home1top-service&#8221;][vc_column][vc_row_inner equal_height=&#8221;yes&#8221; css=&#8221;.vc_custom_1561187662401{padding-right: 15px !important;padding-left: 15px !important;}&#8221;][vc_column_inner width=&#8221;1\/3&#8243; css=&#8221;.vc_custom_1557135638624{padding-right: 0px !important;padding-left: 0px !important;}&#8221;][\/vc_column_inner][vc_column_inner el_class=&#8221;dark-bg&#8221; width=&#8221;1\/3&#8243; css=&#8221;.vc_custom_1557137287469{padding-right: 0px !important;padding-left: 0px !important;}&#8221;][\/vc_column_inner][vc_column_inner width=&#8221;1\/3&#8243; css=&#8221;.vc_custom_1557135651392{padding-right: 0px !important;padding-left: 0px !important;}&#8221;][\/vc_column_inner][\/vc_row_inner][\/vc_column][\/vc_row][vc_row full_width=&#8221;stretch_row&#8221; equal_height=&#8221;yes&#8221; css=&#8221;.vc_custom_1561786032536{padding-top: 80px !important;padding-bottom: 120px !important;background-color: #1f2839 !important;background-position: center !important;background-repeat: no-repeat !important;background-size: cover !important;}&#8221; el_class=&#8221;mob-plr15&#8243;][vc_column width=&#8221;1\/2&#8243; css=&#8221;.vc_custom_1561620024978{margin-bottom: 0px !important;padding-bottom: 0px !important;}&#8221;][vc_column_text] Pr\u00e9sentation du...","og_url":"https:\/\/www.t-arb-marc.org\/","og_site_name":"T-Arb &amp; MARC","article_modified_time":"2022-04-07T16:26:17+00:00","og_image":[{"width":50,"height":43,"url":"https:\/\/www.t-arb-marc.org\/wp-content\/uploads\/2020\/12\/Fichier-10logo-e1608135498373.jpg","type":"image\/jpeg"}],"twitter_card":"summary_large_image","twitter_misc":{"Dur\u00e9e de lecture estim\u00e9e":"6 minutes"},"schema":{"@context":"https:\/\/schema.org","@graph":[{"@type":"WebPage","@id":"https:\/\/www.t-arb-marc.org\/","url":"https:\/\/www.t-arb-marc.org\/","name":"Accueil - T-Arb &amp; MARC","isPartOf":{"@id":"https:\/\/www.t-arb-marc.org\/#website"},"primaryImageOfPage":{"@id":"https:\/\/www.t-arb-marc.org\/#primaryimage"},"image":{"@id":"https:\/\/www.t-arb-marc.org\/#primaryimage"},"thumbnailUrl":"https:\/\/www.t-arb-marc.org\/wp-content\/uploads\/2020\/12\/Fichier-10logo-e1608135498373.jpg","datePublished":"2019-06-29T18:25:16+00:00","dateModified":"2022-04-07T16:26:17+00:00","breadcrumb":{"@id":"https:\/\/www.t-arb-marc.org\/#breadcrumb"},"inLanguage":"fr-FR","potentialAction":[{"@type":"ReadAction","target":["https:\/\/www.t-arb-marc.org\/"]}]},{"@type":"ImageObject","inLanguage":"fr-FR","@id":"https:\/\/www.t-arb-marc.org\/#primaryimage","url":"https:\/\/www.t-arb-marc.org\/wp-content\/uploads\/2020\/12\/Fichier-10logo-e1608135498373.jpg","contentUrl":"https:\/\/www.t-arb-marc.org\/wp-content\/uploads\/2020\/12\/Fichier-10logo-e1608135498373.jpg","width":50,"height":43},{"@type":"BreadcrumbList","@id":"https:\/\/www.t-arb-marc.org\/#breadcrumb","itemListElement":[{"@type":"ListItem","position":1,"name":"Accueil","item":"https:\/\/www.t-arb-marc.org\/"},{"@type":"ListItem","position":2,"name":"Accueil"}]},{"@type":"WebSite","@id":"https:\/\/www.t-arb-marc.org\/#website","url":"https:\/\/www.t-arb-marc.org\/","name":"T-Arb &amp; MARC","description":"Togo arbitrage, mediation conciliation","publisher":{"@id":"https:\/\/www.t-arb-marc.org\/#organization"},"potentialAction":[{"@type":"SearchAction","target":{"@type":"EntryPoint","urlTemplate":"https:\/\/www.t-arb-marc.org\/?s={search_term_string}"},"query-input":{"@type":"PropertyValueSpecification","valueRequired":true,"valueName":"search_term_string"}}],"inLanguage":"fr-FR"},{"@type":"Organization","@id":"https:\/\/www.t-arb-marc.org\/#organization","name":"T-Arb &amp; MARC","url":"https:\/\/www.t-arb-marc.org\/","logo":{"@type":"ImageObject","inLanguage":"fr-FR","@id":"https:\/\/www.t-arb-marc.org\/#\/schema\/logo\/image\/","url":"https:\/\/www.t-arb-marc.org\/wp-content\/uploads\/2020\/12\/cropped-Asset-54-e1608197314980.png","contentUrl":"https:\/\/www.t-arb-marc.org\/wp-content\/uploads\/2020\/12\/cropped-Asset-54-e1608197314980.png","width":200,"height":200,"caption":"T-Arb &amp; MARC"},"image":{"@id":"https:\/\/www.t-arb-marc.org\/#\/schema\/logo\/image\/"}}]}},"_links":{"self":[{"href":"https:\/\/www.t-arb-marc.org\/index.php\/wp-json\/wp\/v2\/pages\/2629","targetHints":{"allow":["GET"]}}],"collection":[{"href":"https:\/\/www.t-arb-marc.org\/index.php\/wp-json\/wp\/v2\/pages"}],"about":[{"href":"https:\/\/www.t-arb-marc.org\/index.php\/wp-json\/wp\/v2\/types\/page"}],"author":[{"embeddable":true,"href":"https:\/\/www.t-arb-marc.org\/index.php\/wp-json\/wp\/v2\/users\/2"}],"replies":[{"embeddable":true,"href":"https:\/\/www.t-arb-marc.org\/index.php\/wp-json\/wp\/v2\/comments?post=2629"}],"version-history":[{"count":47,"href":"https:\/\/www.t-arb-marc.org\/index.php\/wp-json\/wp\/v2\/pages\/2629\/revisions"}],"predecessor-version":[{"id":2947,"href":"https:\/\/www.t-arb-marc.org\/index.php\/wp-json\/wp\/v2\/pages\/2629\/revisions\/2947"}],"wp:featuredmedia":[{"embeddable":true,"href":"https:\/\/www.t-arb-marc.org\/index.php\/wp-json\/wp\/v2\/media\/2680"}],"wp:attachment":[{"href":"https:\/\/www.t-arb-marc.org\/index.php\/wp-json\/wp\/v2\/media?parent=2629"}],"curies":[{"name":"wp","href":"https:\/\/api.w.org\/{rel}","templated":true}]}}